{"id":30,"date":"2026-03-27T13:38:02","date_gmt":"2026-03-27T12:38:02","guid":{"rendered":"https:\/\/www.jitkamalechova.cz\/?page_id=30"},"modified":"2026-03-27T14:13:56","modified_gmt":"2026-03-27T13:13:56","slug":"jitka-malechova","status":"publish","type":"page","link":"https:\/\/www.jitkamalechova.cz\/","title":{"rendered":"Jitka Malechov\u00e1"},"content":{"rendered":"\n<h2 class=\"wp-block-heading has-text-align-center\">Lektor, terapeut, tren\u00e9r Spir\u00e1ln\u00ed stabilizace<\/h2>\n\n\n\n<div class=\"wp-block-buttons is-content-justification-center is-layout-flex wp-container-core-buttons-is-layout-16018d1d wp-block-buttons-is-layout-flex\">\n<div class=\"wp-block-button\"><a class=\"wp-block-button__link wp-element-button\" href=\"tel:+420776770881\">+420 776 770 881<\/a><\/div>\n\n\n\n<div class=\"wp-block-button\"><a class=\"wp-block-button__link wp-element-button\" href=\"mailto:jitka_malechova@centrum.cz\">jitka_malechova@centrum.cz<\/a><\/div>\n<\/div>\n\n\n\n<p class=\"has-text-align-center\">Ostrome\u010dsk\u00e1 8, Praha 3 \u2013 \u017di\u017ekov<\/p>\n\n\n\n<hr class=\"wp-block-separator has-alpha-channel-opacity is-style-default\" style=\"margin-top:var(--wp--preset--spacing--30);margin-bottom:var(--wp--preset--spacing--30)\"\/>\n\n\n\n<p class=\"has-text-align-center\">Pr\u00e1v\u011b pracuji na sv\u00fdch nov\u00fdch webov\u00fdch str\u00e1nk\u00e1ch.<\/p>\n","protected":false},"excerpt":{"rendered":"<p>Lektor, terapeut, tren\u00e9r Spir\u00e1ln\u00ed stabilizace Ostrome\u010dsk\u00e1 8, Praha 3 \u2013 \u017di\u017ekov Pr\u00e1v\u011b pracuji na sv\u00fdch nov\u00fdch webov\u00fdch str\u00e1nk\u00e1ch.<\/p>\n","protected":false},"author":1,"featured_media":0,"parent":0,"menu_order":0,"comment_status":"closed","ping_status":"closed","template":"","meta":{"_kad_post_transparent":"","_kad_post_title":"","_kad_post_layout":"","_kad_post_sidebar_id":"","_kad_post_content_style":"","_kad_post_vertical_padding":"","_kad_post_feature":"","_kad_post_feature_position":"","_kad_post_header":false,"_kad_post_footer":false,"_kad_post_classname":"","footnotes":""},"class_list":["post-30","page","type-page","status-publish","hentry"],"yoast_head":"<!-- This site is optimized with the Yoast SEO plugin v27.2 - https:\/\/yoast.com\/product\/yoast-seo-wordpress\/ -->\n<title>Jitka Malechov\u00e1 - Spir\u00e1ln\u00ed stabilizace p\u00e1te\u0159e - Praha \u017di\u017ekov<\/title>\n<meta name=\"description\" content=\"Lektor, terapeut a tren\u00e9r Spir\u00e1ln\u00ed stabilizace. Metoda MUDr. Sm\u00ed\u0161ka. Stavy p\u00e1te\u0159e po \u00farazech, operac\u00edch, p\u0159i sedav\u00e9m \u017eivotn\u00edm stylu.\" \/>\n<meta name=\"robots\" content=\"index, follow, max-snippet:-1, max-image-preview:large, max-video-preview:-1\" \/>\n<link rel=\"canonical\" href=\"https:\/\/www.jitkamalechova.cz\/\" \/>\n<meta property=\"og:locale\" content=\"cs_CZ\" \/>\n<meta property=\"og:type\" content=\"article\" \/>\n<meta property=\"og:title\" content=\"Jitka Malechov\u00e1 - Spir\u00e1ln\u00ed stabilizace p\u00e1te\u0159e - Praha \u017di\u017ekov\" \/>\n<meta property=\"og:description\" content=\"Lektor, terapeut a tren\u00e9r Spir\u00e1ln\u00ed stabilizace. Metoda MUDr. Sm\u00ed\u0161ka. Stavy p\u00e1te\u0159e po \u00farazech, operac\u00edch, p\u0159i sedav\u00e9m \u017eivotn\u00edm stylu.\" \/>\n<meta property=\"og:url\" content=\"https:\/\/www.jitkamalechova.cz\/\" \/>\n<meta property=\"og:site_name\" content=\"Jitka Malechov\u00e1\" \/>\n<meta property=\"article:modified_time\" content=\"2026-03-27T13:13:56+00:00\" \/>\n<meta name=\"twitter:card\" content=\"summary_large_image\" \/>\n<meta name=\"twitter:label1\" content=\"Odhadovan\u00e1 doba \u010dten\u00ed\" \/>\n\t<meta name=\"twitter:data1\" content=\"1 minuta\" \/>\n<script type=\"application\/ld+json\" class=\"yoast-schema-graph\">{\"@context\":\"https:\/\/schema.org\",\"@graph\":[{\"@type\":\"WebPage\",\"@id\":\"https:\/\/www.jitkamalechova.cz\/\",\"url\":\"https:\/\/www.jitkamalechova.cz\/\",\"name\":\"Jitka Malechov\u00e1 - Spir\u00e1ln\u00ed stabilizace p\u00e1te\u0159e - Praha \u017di\u017ekov\",\"isPartOf\":{\"@id\":\"https:\/\/www.jitkamalechova.cz\/#website\"},\"datePublished\":\"2026-03-27T12:38:02+00:00\",\"dateModified\":\"2026-03-27T13:13:56+00:00\",\"description\":\"Lektor, terapeut a tren\u00e9r Spir\u00e1ln\u00ed stabilizace. Metoda MUDr. Sm\u00ed\u0161ka. Stavy p\u00e1te\u0159e po \u00farazech, operac\u00edch, p\u0159i sedav\u00e9m \u017eivotn\u00edm stylu.\",\"breadcrumb\":{\"@id\":\"https:\/\/www.jitkamalechova.cz\/#breadcrumb\"},\"inLanguage\":\"cs\",\"potentialAction\":[{\"@type\":\"ReadAction\",\"target\":[\"https:\/\/www.jitkamalechova.cz\/\"]}]},{\"@type\":\"BreadcrumbList\",\"@id\":\"https:\/\/www.jitkamalechova.cz\/#breadcrumb\",\"itemListElement\":[{\"@type\":\"ListItem\",\"position\":1,\"name\":\"Dom\u016f\",\"item\":\"https:\/\/www.jitkamalechova.cz\/\"},{\"@type\":\"ListItem\",\"position\":2,\"name\":\"Jitka Malechov\u00e1\"}]},{\"@type\":\"WebSite\",\"@id\":\"https:\/\/www.jitkamalechova.cz\/#website\",\"url\":\"https:\/\/www.jitkamalechova.cz\/\",\"name\":\"Jitka Malechov\u00e1\",\"description\":\"\",\"potentialAction\":[{\"@type\":\"SearchAction\",\"target\":{\"@type\":\"EntryPoint\",\"urlTemplate\":\"https:\/\/www.jitkamalechova.cz\/?s={search_term_string}\"},\"query-input\":{\"@type\":\"PropertyValueSpecification\",\"valueRequired\":true,\"valueName\":\"search_term_string\"}}],\"inLanguage\":\"cs\"}]}<\/script>\n<!-- \/ Yoast SEO plugin. -->","yoast_head_json":{"title":"Jitka Malechov\u00e1 - Spir\u00e1ln\u00ed stabilizace p\u00e1te\u0159e - Praha \u017di\u017ekov","description":"Lektor, terapeut a tren\u00e9r Spir\u00e1ln\u00ed stabilizace. Metoda MUDr. Sm\u00ed\u0161ka. Stavy p\u00e1te\u0159e po \u00farazech, operac\u00edch, p\u0159i sedav\u00e9m \u017eivotn\u00edm stylu.","robots":{"index":"index","follow":"follow","max-snippet":"max-snippet:-1","max-image-preview":"max-image-preview:large","max-video-preview":"max-video-preview:-1"},"canonical":"https:\/\/www.jitkamalechova.cz\/","og_locale":"cs_CZ","og_type":"article","og_title":"Jitka Malechov\u00e1 - Spir\u00e1ln\u00ed stabilizace p\u00e1te\u0159e - Praha \u017di\u017ekov","og_description":"Lektor, terapeut a tren\u00e9r Spir\u00e1ln\u00ed stabilizace. Metoda MUDr. Sm\u00ed\u0161ka. Stavy p\u00e1te\u0159e po \u00farazech, operac\u00edch, p\u0159i sedav\u00e9m \u017eivotn\u00edm stylu.","og_url":"https:\/\/www.jitkamalechova.cz\/","og_site_name":"Jitka Malechov\u00e1","article_modified_time":"2026-03-27T13:13:56+00:00","twitter_card":"summary_large_image","twitter_misc":{"Odhadovan\u00e1 doba \u010dten\u00ed":"1 minuta"},"schema":{"@context":"https:\/\/schema.org","@graph":[{"@type":"WebPage","@id":"https:\/\/www.jitkamalechova.cz\/","url":"https:\/\/www.jitkamalechova.cz\/","name":"Jitka Malechov\u00e1 - Spir\u00e1ln\u00ed stabilizace p\u00e1te\u0159e - Praha \u017di\u017ekov","isPartOf":{"@id":"https:\/\/www.jitkamalechova.cz\/#website"},"datePublished":"2026-03-27T12:38:02+00:00","dateModified":"2026-03-27T13:13:56+00:00","description":"Lektor, terapeut a tren\u00e9r Spir\u00e1ln\u00ed stabilizace. Metoda MUDr. Sm\u00ed\u0161ka. Stavy p\u00e1te\u0159e po \u00farazech, operac\u00edch, p\u0159i sedav\u00e9m \u017eivotn\u00edm stylu.","breadcrumb":{"@id":"https:\/\/www.jitkamalechova.cz\/#breadcrumb"},"inLanguage":"cs","potentialAction":[{"@type":"ReadAction","target":["https:\/\/www.jitkamalechova.cz\/"]}]},{"@type":"BreadcrumbList","@id":"https:\/\/www.jitkamalechova.cz\/#breadcrumb","itemListElement":[{"@type":"ListItem","position":1,"name":"Dom\u016f","item":"https:\/\/www.jitkamalechova.cz\/"},{"@type":"ListItem","position":2,"name":"Jitka Malechov\u00e1"}]},{"@type":"WebSite","@id":"https:\/\/www.jitkamalechova.cz\/#website","url":"https:\/\/www.jitkamalechova.cz\/","name":"Jitka Malechov\u00e1","description":"","potentialAction":[{"@type":"SearchAction","target":{"@type":"EntryPoint","urlTemplate":"https:\/\/www.jitkamalechova.cz\/?s={search_term_string}"},"query-input":{"@type":"PropertyValueSpecification","valueRequired":true,"valueName":"search_term_string"}}],"inLanguage":"cs"}]}},"_links":{"self":[{"href":"https:\/\/www.jitkamalechova.cz\/index.php?rest_route=\/wp\/v2\/pages\/30","targetHints":{"allow":["GET"]}}],"collection":[{"href":"https:\/\/www.jitkamalechova.cz\/index.php?rest_route=\/wp\/v2\/pages"}],"about":[{"href":"https:\/\/www.jitkamalechova.cz\/index.php?rest_route=\/wp\/v2\/types\/page"}],"author":[{"embeddable":true,"href":"https:\/\/www.jitkamalechova.cz\/index.php?rest_route=\/wp\/v2\/users\/1"}],"replies":[{"embeddable":true,"href":"https:\/\/www.jitkamalechova.cz\/index.php?rest_route=%2Fwp%2Fv2%2Fcomments&post=30"}],"version-history":[{"count":9,"href":"https:\/\/www.jitkamalechova.cz\/index.php?rest_route=\/wp\/v2\/pages\/30\/revisions"}],"predecessor-version":[{"id":42,"href":"https:\/\/www.jitkamalechova.cz\/index.php?rest_route=\/wp\/v2\/pages\/30\/revisions\/42"}],"wp:attachment":[{"href":"https:\/\/www.jitkamalechova.cz\/index.php?rest_route=%2Fwp%2Fv2%2Fmedia&parent=30"}],"curies":[{"name":"wp","href":"https:\/\/api.w.org\/{rel}","templated":true}]}}